{"id":103,"date":"2021-01-12T14:10:09","date_gmt":"2021-01-12T14:10:09","guid":{"rendered":"https:\/\/yamaha-be.bijna.online\/fr\/?page_id=103"},"modified":"2022-02-24T08:32:59","modified_gmt":"2022-02-24T08:32:59","slug":"declarez-un-sinistre-ou-un-vol","status":"publish","type":"page","link":"https:\/\/yamahamotorinsurance.be\/fr\/declarez-un-sinistre-ou-un-vol\/","title":{"rendered":"D\u00e9clarez un sinistre ou un vol"},"content":{"rendered":"\n<p>Si vous d\u00e9clarez un sinistre ou un vol, veuillez utiliser la d\u00e9claration \u00a0sinistre Europ\u00e9enne (t\u00e9l\u00e9charger ici). Noubliez pas de remplir les deux c\u00f4t\u00e9s s.v.p. \u00a0! Vous pouvez ajouter le document \u00e0 la fin de votre d\u00e9claration.<\/p>\n\n\n\n<div class=\"wp-block-file\"><a href=\"https:\/\/yamahamotorinsurance.be\/fr\/wp-content\/uploads\/2022\/02\/Constat-Amiable-DAccident-Automobile.pdf\">Constat-Amiable-DAccident-Automobile<\/a><a href=\"https:\/\/yamahamotorinsurance.be\/fr\/wp-content\/uploads\/2022\/02\/Constat-Amiable-DAccident-Automobile.pdf\" class=\"wp-block-file__button\" download>Download<\/a><\/div>\n\n\n\n<p>N\u2019h\u00e9sitez\npas \u00e0 nous contacter si vous avez des questions concernant votre dossier vol ou\nun autre dossier sinistre.&nbsp;\n<\/p>\n\n\n\n<p><strong>D\u00e9g\u00e2ts mat\u00e9riels<\/strong><\/p>\n\n\n\n<p>Si vous avez des dommages caus\u00e9s par votre faute ou un tiers, mais pas de protection juridique ? Contactez-nous au 03\/808.49.61 ou envoyez un mail \u00e0 <a href=\"mailto:info@yamahamotorinsurance.be\" data-type=\"mailto\" data-id=\"mailto:info@yamahamotorinsurance.be\">info@yamahamotorinsurance.be<\/a><\/p>\n\n\n\n<h3 class=\"wp-block-heading\">Vol<\/h3>\n\n\n\n<p>En cas de vol ou une tentative de vol de votre Yamaha ? Contactez-nous au 03\/808.49.61 ou envoyez un mail \u00e0 <a href=\"mailto:info@harley-davidsoninsurance.be\"><\/a><a href=\"mailto:info@yamahamotorinsurance.be\" data-type=\"mailto\" data-id=\"mailto:info@yamahamotorinsurance.be\">info@yamahamotorinsurance.be<\/a><\/p>\n","protected":false},"excerpt":{"rendered":"<p>Si vous d\u00e9clarez un sinistre ou un vol, veuillez utiliser la d\u00e9claration \u00a0sinistre Europ\u00e9enne (t\u00e9l\u00e9charger ici). Noubliez pas de remplir les deux c\u00f4t\u00e9s s.v.p. \u00a0! Vous pouvez ajouter le document \u00e0 la fin de votre d\u00e9claration. N\u2019h\u00e9sitez pas \u00e0 nous contacter si vous avez des questions concernant votre dossier vol ou un autre dossier sinistre.&nbsp;<a class=\"excerpt-read-more\" href=\"https:\/\/yamahamotorinsurance.be\/fr\/declarez-un-sinistre-ou-un-vol\/\" title=\"ReadD\u00e9clarez un sinistre ou un vol\">&#8230; Read more &raquo;<\/a><\/p>\n","protected":false},"author":2,"featured_media":0,"parent":0,"menu_order":0,"comment_status":"closed","ping_status":"closed","template":"","meta":{"_acf_changed":false,"editor_notices":[],"footnotes":""},"class_list":["post-103","page","type-page","status-publish","hentry"],"acf":[],"_links":{"self":[{"href":"https:\/\/yamahamotorinsurance.be\/fr\/wp-json\/wp\/v2\/pages\/103","targetHints":{"allow":["GET"]}}],"collection":[{"href":"https:\/\/yamahamotorinsurance.be\/fr\/wp-json\/wp\/v2\/pages"}],"about":[{"href":"https:\/\/yamahamotorinsurance.be\/fr\/wp-json\/wp\/v2\/types\/page"}],"author":[{"embeddable":true,"href":"https:\/\/yamahamotorinsurance.be\/fr\/wp-json\/wp\/v2\/users\/2"}],"replies":[{"embeddable":true,"href":"https:\/\/yamahamotorinsurance.be\/fr\/wp-json\/wp\/v2\/comments?post=103"}],"version-history":[{"count":3,"href":"https:\/\/yamahamotorinsurance.be\/fr\/wp-json\/wp\/v2\/pages\/103\/revisions"}],"predecessor-version":[{"id":376,"href":"https:\/\/yamahamotorinsurance.be\/fr\/wp-json\/wp\/v2\/pages\/103\/revisions\/376"}],"wp:attachment":[{"href":"https:\/\/yamahamotorinsurance.be\/fr\/wp-json\/wp\/v2\/media?parent=103"}],"curies":[{"name":"wp","href":"https:\/\/api.w.org\/{rel}","templated":true}]}}