{"id":296,"date":"2021-11-05T09:41:16","date_gmt":"2021-11-05T09:41:16","guid":{"rendered":"https:\/\/yamahamotorinsurance.be\/fr\/?page_id=296"},"modified":"2023-08-15T14:38:13","modified_gmt":"2023-08-15T14:38:13","slug":"2021-yamaha-mt-09-sp","status":"publish","type":"page","link":"https:\/\/yamahamotorinsurance.be\/fr\/2021-yamaha-mt-09-sp\/","title":{"rendered":"2021: Yamaha MT-09 SP"},"content":{"rendered":"\n<h1 class=\"wp-block-heading\">La toute nouvelle MT-09 SP&nbsp;: la Yamaha hyper Naked la plus radicale<\/h1>\n\n\n\n<h2 class=\"wp-block-heading\">The Dark Side of Japan<\/h2>\n\n\n\n<p>Depuis le 2013, l&rsquo;esprit \u00ab&nbsp;Dark Side of Japan&nbsp;\u00bb a inspir\u00e9 le d\u00e9veloppement des mod\u00e8les MT de Yamaha, qui ont apport\u00e9 un tout nouveau niveau d&rsquo;excitation et de dynamisme aux pilotes europ\u00e9ens avides de sensations fortes. Con\u00e7us et construits par des personnes qui mangent, respirent et dorment pour la moto, les mod\u00e8les MT de Yamaha ont cr\u00e9\u00e9 leur propre cat\u00e9gorie hyper Naked dynamique et ont introduit un grand nombre de pilotes dans un nouveau type d&rsquo;exp\u00e9rience \u00e0 deux roues.<\/p>\n\n\n\n<p>Dot\u00e9s d&rsquo;un moteur \u00e0 couple \u00e9lev\u00e9, d&rsquo;une maniabilit\u00e9 et d&rsquo;une allure \u00e9pur\u00e9e, chaque MT est con\u00e7ue pour offrir une conduite sportive, exaltante et gratifiante qui renforce la passion de chaque motard pour deux roues. Avec plus d&rsquo;un quart de million de MT vendus en Europe depuis le premier mod\u00e8le lanc\u00e9 il y a 7 ans, la gamme hyper Naked de Yamaha contribue \u00e0 faire de la moto un choix de style de vie encore plus excitant, plus accessible et plus attrayant.<\/p>\n\n\n\n<h2 class=\"wp-block-heading\">La nouvelle MT-09 SP&nbsp;: plus \u00e9l\u00e9gante, plus intelligente et plus exclusive<\/h2>\n\n\n\n<p>Avec son tout nouveau moteur et son ch\u00e2ssis, ainsi qu&rsquo;un nouveau design de carrosserie in\u00e9gal\u00e9 qui expose son allure brutale et muscl\u00e9e, la MT-09 2021 est l&rsquo;hyper Naked la plus pure et la plus excitante \u00e0 ce jour. Mais pour les pilotes qui exigent les sp\u00e9cifications les plus \u00e9lev\u00e9es, Yamaha a cr\u00e9\u00e9 la MT-09 SP, une moto encore plus nette, plus intelligente et plus exclusive encore, dot\u00e9e d&rsquo;une finition agressive inspir\u00e9e de la Supersport ainsi que d&rsquo;une suspension haut de gamme.<\/p>\n\n\n\n<figure class=\"wp-block-gallery has-nested-images columns-default is-cropped wp-block-gallery-1 is-layout-flex wp-block-gallery-is-layout-flex\">\n<figure class=\"wp-block-image size-large\"><img loading=\"lazy\" decoding=\"async\" width=\"1024\" height=\"576\" data-id=\"297\" src=\"https:\/\/yamahamotorinsurance.be\/fr\/wp-content\/uploads\/2021\/11\/2021_YAM_MT09DX_EU_SMX_ACT_004_03_preview-1024x576.jpg\" alt=\"\" class=\"wp-image-297\" srcset=\"https:\/\/yamahamotorinsurance.be\/fr\/wp-content\/uploads\/2021\/11\/2021_YAM_MT09DX_EU_SMX_ACT_004_03_preview-1024x576.jpg 1024w, https:\/\/yamahamotorinsurance.be\/fr\/wp-content\/uploads\/2021\/11\/2021_YAM_MT09DX_EU_SMX_ACT_004_03_preview-300x169.jpg 300w, https:\/\/yamahamotorinsurance.be\/fr\/wp-content\/uploads\/2021\/11\/2021_YAM_MT09DX_EU_SMX_ACT_004_03_preview-768x432.jpg 768w, https:\/\/yamahamotorinsurance.be\/fr\/wp-content\/uploads\/2021\/11\/2021_YAM_MT09DX_EU_SMX_ACT_004_03_preview-1536x864.jpg 1536w, https:\/\/yamahamotorinsurance.be\/fr\/wp-content\/uploads\/2021\/11\/2021_YAM_MT09DX_EU_SMX_ACT_004_03_preview.jpg 1600w\" sizes=\"auto, (max-width: 1024px) 100vw, 1024px\" \/><\/figure>\n<\/figure>\n\n\n\n<h2 class=\"wp-block-heading\">Coloris et graphismes SP d\u00e9di\u00e9s<\/h2>\n\n\n\n<p>Le nouveau coloris exclusif de la MT-09 SP, inspir\u00e9 de la R1M, met en \u0153uvre un syst\u00e8me de peinture bicolore bleu\/noir sur le r\u00e9servoir de carburant et les conduits d&rsquo;air, pour cr\u00e9er un look encore plus agressif et exclusif \u00e0 ce mod\u00e8le hyper Naked haut de gamme. La finition est optimis\u00e9e avec des graphiques fluides, tandis que les coloris de style Supersport renforcent le caract\u00e8re purement sportif de la moto et mettent en valeur les liens technologiques \u00e9troits avec la R1M, la moto de s\u00e9rie la plus perfectionn\u00e9e jamais construite par Yamaha.<\/p>\n\n\n\n<h2 class=\"wp-block-heading\">Syst\u00e8me de r\u00e9gulateur de vitesse<\/h2>\n\n\n\n<p>Outre les aides \u00e9lectroniques compl\u00e8tes du pilote pr\u00e9sentes sur la MT-09 de s\u00e9rie, la MT-09 SP en version haut de gamme est \u00e9galement \u00e9quip\u00e9e d&rsquo;un syst\u00e8me de r\u00e9gulateur de vitesse qui am\u00e9liore l&rsquo;exp\u00e9rience de conduite globale.<\/p>\n\n\n\n<p>Pour une conduite plus relaxante sur autoroute, les pilotes de SP peuvent choisir d&rsquo;activer ce syst\u00e8me de r\u00e9gulateur de vitesse \u00e0 des vitesses d&rsquo;au moins 50 km\/h et en 4<sup>\u00e8me<\/sup>&nbsp;et plus. Une fois la vitesse r\u00e9gl\u00e9e, elle peut \u00eatre augment\u00e9e par incr\u00e9ments de 2&nbsp;km\/h par simple pression sur le bouton, ou peut \u00eatre augment\u00e9e de fa\u00e7on continue en appuyant sur le bouton et le syst\u00e8me est annul\u00e9 lorsque les freins, l&#8217;embrayage ou l&rsquo;acc\u00e9l\u00e9rateur sont utilis\u00e9s. En plus d&rsquo;aider \u00e0 faciliter la conduite sur les longs trajets, le r\u00e9gulateur de vitesse du SP est \u00e9galement une fonctionnalit\u00e9 utile qui permet aux pilotes d&rsquo;observer les limitations de vitesses actuelles sans avoir \u00e0 v\u00e9rifier constamment leur compteur de temps.<\/p>\n\n\n\n<h2 class=\"wp-block-heading\">Kit de suspension avant KYB\u00ae haut de gamme<\/h2>\n\n\n\n<p>Avec des tubes de 41&nbsp;mm avec un rev\u00eatement r\u00e9sistant DLC (Diamond Like Coating) qui assure une action de suspension ultra douce et r\u00e9active, la fourche avant KYB\u00ae de premi\u00e8re qualit\u00e9 est enti\u00e8rement r\u00e9glable en pr\u00e9charge, en d\u00e9tente et en compression, ce qui permet au pilote SP d&rsquo;obtenir le meilleur r\u00e9glage possible pour s&rsquo;adapter aux diff\u00e9rentes situations de conduite. De plus, ces fourches avant \u00e0 la pointe de la technologie sont \u00e9galement \u00e9quip\u00e9es de dispositifs de r\u00e9glage de la compression \u00e0 faible et grande vitesse pour un r\u00e9glage pr\u00e9cis de la suspension.<\/p>\n\n\n\n<figure class=\"wp-block-gallery has-nested-images columns-default is-cropped wp-block-gallery-2 is-layout-flex wp-block-gallery-is-layout-flex\">\n<figure class=\"wp-block-image size-large\"><img loading=\"lazy\" decoding=\"async\" width=\"1024\" height=\"576\" data-id=\"298\" src=\"https:\/\/yamahamotorinsurance.be\/fr\/wp-content\/uploads\/2021\/11\/2021_YAM_MT09DX_EU_SMX_DET_003_03_preview-1024x576.jpg\" alt=\"\" class=\"wp-image-298\" srcset=\"https:\/\/yamahamotorinsurance.be\/fr\/wp-content\/uploads\/2021\/11\/2021_YAM_MT09DX_EU_SMX_DET_003_03_preview-1024x576.jpg 1024w, https:\/\/yamahamotorinsurance.be\/fr\/wp-content\/uploads\/2021\/11\/2021_YAM_MT09DX_EU_SMX_DET_003_03_preview-300x169.jpg 300w, https:\/\/yamahamotorinsurance.be\/fr\/wp-content\/uploads\/2021\/11\/2021_YAM_MT09DX_EU_SMX_DET_003_03_preview-768x432.jpg 768w, https:\/\/yamahamotorinsurance.be\/fr\/wp-content\/uploads\/2021\/11\/2021_YAM_MT09DX_EU_SMX_DET_003_03_preview-1536x864.jpg 1536w, https:\/\/yamahamotorinsurance.be\/fr\/wp-content\/uploads\/2021\/11\/2021_YAM_MT09DX_EU_SMX_DET_003_03_preview.jpg 1600w\" sizes=\"auto, (max-width: 1024px) 100vw, 1024px\" \/><\/figure>\n\n\n\n<figure class=\"wp-block-image size-large\"><img loading=\"lazy\" decoding=\"async\" width=\"1024\" height=\"576\" data-id=\"299\" src=\"https:\/\/yamahamotorinsurance.be\/fr\/wp-content\/uploads\/2021\/11\/2021_YAM_MT09DX_EU_SMX_DET_001_03_preview-1024x576.jpg\" alt=\"\" class=\"wp-image-299\" srcset=\"https:\/\/yamahamotorinsurance.be\/fr\/wp-content\/uploads\/2021\/11\/2021_YAM_MT09DX_EU_SMX_DET_001_03_preview-1024x576.jpg 1024w, https:\/\/yamahamotorinsurance.be\/fr\/wp-content\/uploads\/2021\/11\/2021_YAM_MT09DX_EU_SMX_DET_001_03_preview-300x169.jpg 300w, https:\/\/yamahamotorinsurance.be\/fr\/wp-content\/uploads\/2021\/11\/2021_YAM_MT09DX_EU_SMX_DET_001_03_preview-768x432.jpg 768w, https:\/\/yamahamotorinsurance.be\/fr\/wp-content\/uploads\/2021\/11\/2021_YAM_MT09DX_EU_SMX_DET_001_03_preview-1536x864.jpg 1536w, https:\/\/yamahamotorinsurance.be\/fr\/wp-content\/uploads\/2021\/11\/2021_YAM_MT09DX_EU_SMX_DET_001_03_preview.jpg 1600w\" sizes=\"auto, (max-width: 1024px) 100vw, 1024px\" \/><\/figure>\n\n\n\n<figure class=\"wp-block-image size-large\"><img loading=\"lazy\" decoding=\"async\" width=\"1024\" height=\"576\" data-id=\"300\" src=\"https:\/\/yamahamotorinsurance.be\/fr\/wp-content\/uploads\/2021\/11\/2021_YAM_MT09DX_EU_SMX_DET_002_03_preview-1024x576.jpg\" alt=\"\" class=\"wp-image-300\" srcset=\"https:\/\/yamahamotorinsurance.be\/fr\/wp-content\/uploads\/2021\/11\/2021_YAM_MT09DX_EU_SMX_DET_002_03_preview-1024x576.jpg 1024w, https:\/\/yamahamotorinsurance.be\/fr\/wp-content\/uploads\/2021\/11\/2021_YAM_MT09DX_EU_SMX_DET_002_03_preview-300x169.jpg 300w, https:\/\/yamahamotorinsurance.be\/fr\/wp-content\/uploads\/2021\/11\/2021_YAM_MT09DX_EU_SMX_DET_002_03_preview-768x432.jpg 768w, https:\/\/yamahamotorinsurance.be\/fr\/wp-content\/uploads\/2021\/11\/2021_YAM_MT09DX_EU_SMX_DET_002_03_preview-1536x864.jpg 1536w, https:\/\/yamahamotorinsurance.be\/fr\/wp-content\/uploads\/2021\/11\/2021_YAM_MT09DX_EU_SMX_DET_002_03_preview.jpg 1600w\" sizes=\"auto, (max-width: 1024px) 100vw, 1024px\" \/><\/figure>\n<\/figure>\n\n\n\n<h2 class=\"wp-block-heading\">Amortisseur arri\u00e8re \u00d6hlins<\/h2>\n\n\n\n<p>Pour s&rsquo;adapter \u00e0 la suspension avant de qualit\u00e9 sup\u00e9rieure, le syst\u00e8me de suspension arri\u00e8re est dot\u00e9 d&rsquo;un amortisseur arri\u00e8re \u00d6hlins haut de gamme. Offrant au pilote un r\u00e9glage int\u00e9gral pour l&rsquo;amortissement en compression et en d\u00e9tente, et \u00e9quip\u00e9 d&rsquo;un dispositif de r\u00e9glage de pr\u00e9charge \u00e0 distance qui permet un r\u00e9glage rapide et facile, cette suspension arri\u00e8re SP exclusive offre une pr\u00e9cision de conduite Supersport \u00e0 la cat\u00e9gorie hyper Naked.<\/p>\n\n\n\n<h2 class=\"wp-block-heading\">Selle \u00e0 double surpiq\u00fbre<\/h2>\n\n\n\n<p>La selle biplace exclusive de la MT-09 SP avec ses coutures contrast\u00e9es a \u00e9t\u00e9 d\u00e9velopp\u00e9e pour offrir au pilote une sensation d&rsquo;unit\u00e9 in\u00e9gal\u00e9e \u00e0 bord de cette hyper Naked haut de gamme. La forme de la selle et du r\u00e9servoir de carburant, ainsi que l&rsquo;ergonomie g\u00e9n\u00e9rale, ont \u00e9t\u00e9 d\u00e9velopp\u00e9es par&nbsp;<em>Kanno Hyoka<\/em>&nbsp;\u2013 en d&rsquo;autres termes, l&rsquo;\u00e9valuation des performances de la moto repose sur les perceptions et les r\u00e9actions du pilote d&rsquo;essai. Ce processus exhaustif garantit que le produit fini am\u00e9liore l&rsquo;exp\u00e9rience de conduite totale.<\/p>\n\n\n\n<h2 class=\"wp-block-heading\">Bras oscillant en aluminium bross\u00e9 anodis\u00e9<\/h2>\n\n\n\n<p>Une autre caract\u00e9ristique exclusive \u00e0 la MT-09 SP est le bras oscillant \u00e0 la finition magnifique dont la surface sp\u00e9ciale bross\u00e9e et anodis\u00e9e compl\u00e8te parfaitement le nouveau cadre en cristal graphite. Avec d&rsquo;autres d\u00e9tails uniques, tels que le ressort jaune sur l&rsquo;amortisseur arri\u00e8re \u00d6hlins et le pignon d&rsquo;entra\u00eenement noir, le bras oscillant de la SP renforce la sensation de haute qualit\u00e9 et l&rsquo;allure sportive de cette hyper Naked hors pair. &nbsp;<\/p>\n\n\n\n<figure class=\"wp-block-gallery has-nested-images columns-default is-cropped wp-block-gallery-3 is-layout-flex wp-block-gallery-is-layout-flex\">\n<figure class=\"wp-block-image size-large\"><img loading=\"lazy\" decoding=\"async\" width=\"1024\" height=\"576\" data-id=\"301\" src=\"https:\/\/yamahamotorinsurance.be\/fr\/wp-content\/uploads\/2021\/11\/2021_YAM_MT09DX_EU_SMX_STA_006_03_preview-1-1024x576.jpg\" alt=\"\" class=\"wp-image-301\" srcset=\"https:\/\/yamahamotorinsurance.be\/fr\/wp-content\/uploads\/2021\/11\/2021_YAM_MT09DX_EU_SMX_STA_006_03_preview-1-1024x576.jpg 1024w, https:\/\/yamahamotorinsurance.be\/fr\/wp-content\/uploads\/2021\/11\/2021_YAM_MT09DX_EU_SMX_STA_006_03_preview-1-300x169.jpg 300w, https:\/\/yamahamotorinsurance.be\/fr\/wp-content\/uploads\/2021\/11\/2021_YAM_MT09DX_EU_SMX_STA_006_03_preview-1-768x432.jpg 768w, https:\/\/yamahamotorinsurance.be\/fr\/wp-content\/uploads\/2021\/11\/2021_YAM_MT09DX_EU_SMX_STA_006_03_preview-1-1536x864.jpg 1536w, https:\/\/yamahamotorinsurance.be\/fr\/wp-content\/uploads\/2021\/11\/2021_YAM_MT09DX_EU_SMX_STA_006_03_preview-1.jpg 1600w\" sizes=\"auto, (max-width: 1024px) 100vw, 1024px\" \/><\/figure>\n\n\n\n<figure class=\"wp-block-image size-large\"><img loading=\"lazy\" decoding=\"async\" width=\"1024\" height=\"576\" data-id=\"302\" src=\"https:\/\/yamahamotorinsurance.be\/fr\/wp-content\/uploads\/2021\/11\/2021_YAM_MT09DX_EU_SMX_STA_003_03_preview-1024x576.jpg\" alt=\"\" class=\"wp-image-302\" srcset=\"https:\/\/yamahamotorinsurance.be\/fr\/wp-content\/uploads\/2021\/11\/2021_YAM_MT09DX_EU_SMX_STA_003_03_preview-1024x576.jpg 1024w, https:\/\/yamahamotorinsurance.be\/fr\/wp-content\/uploads\/2021\/11\/2021_YAM_MT09DX_EU_SMX_STA_003_03_preview-300x169.jpg 300w, https:\/\/yamahamotorinsurance.be\/fr\/wp-content\/uploads\/2021\/11\/2021_YAM_MT09DX_EU_SMX_STA_003_03_preview-768x432.jpg 768w, https:\/\/yamahamotorinsurance.be\/fr\/wp-content\/uploads\/2021\/11\/2021_YAM_MT09DX_EU_SMX_STA_003_03_preview-1536x864.jpg 1536w, https:\/\/yamahamotorinsurance.be\/fr\/wp-content\/uploads\/2021\/11\/2021_YAM_MT09DX_EU_SMX_STA_003_03_preview.jpg 1600w\" sizes=\"auto, (max-width: 1024px) 100vw, 1024px\" \/><\/figure>\n\n\n\n<figure class=\"wp-block-image size-large\"><img decoding=\"async\" src=\"https:\/\/yamahamotorinsurance.be\/0244a311-138f-4812-8b5c-6b439e18190e\" alt=\"\"\/><\/figure>\n<\/figure>\n\n\n\n<h2 class=\"wp-block-heading\">Composants de ch\u00e2ssis sp\u00e9cifiques au SP<\/h2>\n\n\n\n<p>Les caract\u00e9ristiques sp\u00e9cifiques du SP telles que le guidon et les leviers anodis\u00e9s noirs, ainsi que les r\u00e9servoirs de liquide de frein avant et arri\u00e8re fum\u00e9 clair et un pignon d&rsquo;entra\u00eenement noir r\u00e9affirment le statut de la MT-09 SP comme la Hyper Naked la plus exclusive de la cat\u00e9gorie.<\/p>\n\n\n\n<p><strong>Ajout par les r\u00e9dacteurs<\/strong><br><a href=\"https:\/\/premie.yamahamotorinsurance.be\/offertes\/nieuw\/1ad2cf00-fadc-4dfd-a2ae-8b030d565a87?label=Yamaha&amp;lang=fr\" data-type=\"URL\" data-id=\"https:\/\/premie.yamahamotorinsurance.be\/offertes\/nieuw\/1ad2cf00-fadc-4dfd-a2ae-8b030d565a87?label=Yamaha&amp;lang=fr\">Assurer cette Yamaha<\/a> MT-09 SP est facile et rapide gr\u00e2ce \u00e0 YOU Yamaha Motor Insurance. Une assurance BA est disponible \u00e0 partir de \u20ac171,- par an.<\/p>\n","protected":false},"excerpt":{"rendered":"<p>La toute nouvelle MT-09 SP&nbsp;: la Yamaha hyper Naked la plus radicale The Dark Side of Japan Depuis le 2013, l&rsquo;esprit \u00ab&nbsp;Dark Side of Japan&nbsp;\u00bb a inspir\u00e9 le d\u00e9veloppement des mod\u00e8les MT de Yamaha, qui ont apport\u00e9 un tout nouveau niveau d&rsquo;excitation et de dynamisme aux pilotes europ\u00e9ens avides de sensations fortes. Con\u00e7us et construits<a class=\"excerpt-read-more\" href=\"https:\/\/yamahamotorinsurance.be\/fr\/2021-yamaha-mt-09-sp\/\" title=\"Read2021: Yamaha MT-09 SP\">&#8230; Read more &raquo;<\/a><\/p>\n","protected":false},"author":2,"featured_media":0,"parent":0,"menu_order":0,"comment_status":"closed","ping_status":"closed","template":"","meta":{"_acf_changed":false,"editor_notices":[],"footnotes":""},"class_list":["post-296","page","type-page","status-publish","hentry"],"acf":[],"_links":{"self":[{"href":"https:\/\/yamahamotorinsurance.be\/fr\/wp-json\/wp\/v2\/pages\/296","targetHints":{"allow":["GET"]}}],"collection":[{"href":"https:\/\/yamahamotorinsurance.be\/fr\/wp-json\/wp\/v2\/pages"}],"about":[{"href":"https:\/\/yamahamotorinsurance.be\/fr\/wp-json\/wp\/v2\/types\/page"}],"author":[{"embeddable":true,"href":"https:\/\/yamahamotorinsurance.be\/fr\/wp-json\/wp\/v2\/users\/2"}],"replies":[{"embeddable":true,"href":"https:\/\/yamahamotorinsurance.be\/fr\/wp-json\/wp\/v2\/comments?post=296"}],"version-history":[{"count":2,"href":"https:\/\/yamahamotorinsurance.be\/fr\/wp-json\/wp\/v2\/pages\/296\/revisions"}],"predecessor-version":[{"id":475,"href":"https:\/\/yamahamotorinsurance.be\/fr\/wp-json\/wp\/v2\/pages\/296\/revisions\/475"}],"wp:attachment":[{"href":"https:\/\/yamahamotorinsurance.be\/fr\/wp-json\/wp\/v2\/media?parent=296"}],"curies":[{"name":"wp","href":"https:\/\/api.w.org\/{rel}","templated":true}]}}