{"id":482,"date":"2023-10-18T07:59:03","date_gmt":"2023-10-18T07:59:03","guid":{"rendered":"https:\/\/yamahamotorinsurance.be\/fr\/?page_id=482"},"modified":"2023-10-18T08:00:45","modified_gmt":"2023-10-18T08:00:45","slug":"une-premiere-annee-reussie-pour-la-tenere-700-extreme-edition","status":"publish","type":"page","link":"https:\/\/yamahamotorinsurance.be\/fr\/une-premiere-annee-reussie-pour-la-tenere-700-extreme-edition\/","title":{"rendered":""},"content":{"rendered":"\n<h2 class=\"wp-block-heading\">Une premi\u00e8re ann\u00e9e r\u00e9ussie pour la T\u00e9n\u00e9r\u00e9 700 Extreme Edition<\/h2>\n\n\n\n<figure class=\"wp-block-gallery has-nested-images columns-default is-cropped wp-block-gallery-1 is-layout-flex wp-block-gallery-is-layout-flex\">\n<figure class=\"wp-block-image size-large\"><img loading=\"lazy\" decoding=\"async\" width=\"995\" height=\"560\" data-id=\"483\" src=\"https:\/\/yamahamotorinsurance.be\/fr\/wp-content\/uploads\/2023\/10\/Knipsel-2.jpg\" alt=\"\" class=\"wp-image-483\" srcset=\"https:\/\/yamahamotorinsurance.be\/fr\/wp-content\/uploads\/2023\/10\/Knipsel-2.jpg 995w, https:\/\/yamahamotorinsurance.be\/fr\/wp-content\/uploads\/2023\/10\/Knipsel-2-300x169.jpg 300w, https:\/\/yamahamotorinsurance.be\/fr\/wp-content\/uploads\/2023\/10\/Knipsel-2-768x432.jpg 768w\" sizes=\"auto, (max-width: 995px) 100vw, 995px\" \/><\/figure>\n<\/figure>\n\n\n\n<p>Depuis son lancement en 2019, la T\u00e9n\u00e9r\u00e9 700 est devenue l&rsquo;une des motos les plus populaires de sa cat\u00e9gorie. Forte d&rsquo;un h\u00e9ritage qui remonte \u00e0 40 ans &#8211; n\u00e9 avec une T\u00e9n\u00e9r\u00e9 inspir\u00e9e par les Yamaha victorieuses du rallye Dakar \u2013 la gamme Adventure s&rsquo;est d\u00e9velopp\u00e9e en int\u00e9grant des mod\u00e8les diff\u00e9rents, aptes \u00e0 satisfaire des clients aux styles de vie et aux besoins multiples.<\/p>\n\n\n\n<p>Apr\u00e8s le lancement r\u00e9ussi de la T\u00e9n\u00e9r\u00e9 700 Extreme Edition en 2023 en France, en Italie et en Allemagne, Yamaha poursuit la commercialisation de ce mod\u00e8le actualis\u00e9 en 2024 sous le nom de T\u00e9n\u00e9r\u00e9 700 Extreme.&nbsp;<\/p>\n\n\n\n<h3 class=\"wp-block-heading\"><strong>T\u00e9n\u00e9r\u00e9&nbsp;700 Extreme 2024<\/strong><\/h3>\n\n\n\n<p>Dot\u00e9e de suspensions avant et arri\u00e8re KYB haut de gamme et d&rsquo;un d\u00e9battement suppl\u00e9mentaire de 20 mm par rapport \u00e0 la T\u00e9n\u00e9r\u00e9 700, la T\u00e9n\u00e9r\u00e9 700 Extreme est une machine d\u00e9di\u00e9e au tout-terrain, capable d&rsquo;affronter les parcours les plus difficiles.<\/p>\n\n\n\n<p>\u00c9quip\u00e9 de composants exclusifs qui am\u00e9liorent son potentiel tout-terrain, notamment un garde-boue avant haut, une grille de protection de radiateur en aluminium, des repose-pieds l\u00e9gers en titane, ainsi qu&rsquo;un compteur TFT de 5 pouces offrant 3 styles d&rsquo;affichage dont un design inspir\u00e9 de l&rsquo;instrumentation rallye, le mod\u00e8le profite en 2024 de nouveaux motifs sp\u00e9cifiques et de jantes anodis\u00e9es dor\u00e9es.<\/p>\n\n\n\n<p>Les performances exceptionnelles de la T\u00e9n\u00e9r\u00e9 en tout-terrain ont \u00e9t\u00e9 mises en \u00e9vidence par Alessandro Botturi et Pol Tarr\u00e9s, pilotes officiels Yamaha qui ont remport\u00e9 nombre de victoires dans les rallyes les plus exigeants.&nbsp;<\/p>\n\n\n\n<p>Apr\u00e8s avoir marqu\u00e9 l&rsquo;histoire du rallye raid TransAnatolia en montant sur les deux premi\u00e8res marches du podium, Tarr\u00e9s et Botturi inaugureront la T\u00e9n\u00e9r\u00e9 700 Extreme 2024 lors de la derni\u00e8re \u00e9tape du championnat italien Motorally Raid TT qui se d\u00e9roulera \u00e0 Olbia \u00e0 partir du 20 octobre.<\/p>\n\n\n\n<h3 class=\"wp-block-heading\"><strong>T\u00e9n\u00e9r\u00e9 700 Extreme&nbsp;: Caract\u00e9ristiques principales<\/strong><\/h3>\n\n\n\n<ul class=\"wp-block-list\">\n<li>Nouveaux motifs sp\u00e9cifiques au mod\u00e8le<\/li>\n\n\n\n<li>Nouvelles jantes anodis\u00e9es dor\u00e9es en aluminium<\/li>\n\n\n\n<li>Fourche KYB enti\u00e8rement r\u00e9glable de 43&nbsp;mm de diam\u00e8tre avec rev\u00eatement Kashima, d\u00e9battement de 230&nbsp;mm (soit 20&nbsp;mm de plus que la T\u00e9n\u00e9r\u00e9&nbsp;700).<\/li>\n\n\n\n<li>Amortisseur arri\u00e8re \u00e0 cartouche l\u00e9ger KYB enti\u00e8rement r\u00e9glable, d\u00e9battement de 220&nbsp;mm (soit 20&nbsp;mm de plus que la T\u00e9n\u00e9r\u00e9 700)<\/li>\n\n\n\n<li>Garde au sol de 260&nbsp;mm (soit 20&nbsp;mm de plus que la T\u00e9n\u00e9r\u00e9&nbsp;700)<\/li>\n\n\n\n<li>Compteur vertical TFT de 5 pouces offrant 3 styles d&rsquo;affichage dont un design inspir\u00e9 de l&rsquo;instrumentation rallye<\/li>\n\n\n\n<li>Commodo du c\u00f4t\u00e9 gauche avec commutateur du compteur journalier<\/li>\n\n\n\n<li>Repose-pieds l\u00e9gers en titane antid\u00e9rapants offrant 35&nbsp;% de surface suppl\u00e9mentaire<\/li>\n\n\n\n<li>Selle monobloc plate avec rembourrage suppl\u00e9mentaire de 20&nbsp;mm offrant une hauteur de selle plus importante (910&nbsp;mm)<\/li>\n\n\n\n<li>Garde-boue avant haut, de couleur assortie, et garde-boue arri\u00e8re noir<\/li>\n\n\n\n<li>Grille de protection de radiateur en aluminium&nbsp;<\/li>\n\n\n\n<li>Guide cha\u00eene<\/li>\n<\/ul>\n\n\n\n<h3 class=\"wp-block-heading\"><strong>Prix et disponibilit\u00e9<\/strong><\/h3>\n\n\n\n<p>La T\u00e9n\u00e9r\u00e9&nbsp;700&nbsp;Extreme sera disponible en Europe en 2024. Pour plus d\u2019informations sur la disponibilit\u00e9 et le prix de vente local, contactez votre distributeur Yamaha national.<\/p>\n\n\n\n<h3 class=\"wp-block-heading\"><strong>Couleurs<\/strong><\/h3>\n\n\n\n<p>La T\u00e9n\u00e9r\u00e9&nbsp;700&nbsp;Extreme sera disponible en Icon Blue avec de nouveaux motifs.<\/p>\n\n\n\n<h3 class=\"wp-block-heading\"><strong>T\u00e9n\u00e9r\u00e9 Spirit Experience<\/strong><\/h3>\n\n\n\n<p>Yamaha s&rsquo;engage \u00e0 faire en sorte que chaque pilote ait la possibilit\u00e9 de profiter pleinement de sa T\u00e9n\u00e9r\u00e9 dans un large \u00e9ventail de situations de pilotage. Gr\u00e2ce au T\u00e9n\u00e9r\u00e9 Spirit Experience, les propri\u00e9taires de T\u00e9n\u00e9r\u00e9 peuvent participer en exclusivit\u00e9 \u00e0 certaines des \u00e9preuves de Rallye Raid les plus c\u00e9l\u00e8bres au monde, avec l&rsquo;\u00e9quipe officielle de rallye Yamaha.<\/p>\n\n\n\n<p>G\u00e9r\u00e9 par Marc Bourgeois, manager de l&rsquo;\u00e9quipe T\u00e9n\u00e9r\u00e9 World Raid, par l&rsquo;interm\u00e9diaire de sa soci\u00e9t\u00e9 MBSM et pour le compte de Yamaha, le T\u00e9n\u00e9r\u00e9 Spirit Experience est ouvert aux propri\u00e9taires de T\u00e9n\u00e9r\u00e9 qui souhaitent passer \u00e0 un niveau d&rsquo;aventure sup\u00e9rieur et avoir un v\u00e9ritable avant-go\u00fbt du Rally Raid, sans la pression de la comp\u00e9tition et en profitant de la beaut\u00e9 des paysages.<\/p>\n\n\n\n<p>Le T\u00e9n\u00e9r\u00e9 Spirit Experience est un pack englobant la pr\u00e9paration, les vols, le transport des motos et tous les aspects de la participation au Rally Raid choisi par le client. Avant l&rsquo;\u00e9v\u00e9nement, chaque pilote peut choisir de participer \u00e0 un T\u00e9n\u00e9r\u00e9 Center s&rsquo;il souhaite recevoir des cours de pilotage ou de navigation. MBSM s&rsquo;occupera du reste, du d\u00e9but \u00e0 la fin de la comp\u00e9tition, y compris les briefings quotidiens avant l&rsquo;\u00e9v\u00e9nement, la logistique, l&rsquo;assistance technique, l&rsquo;installation de traceurs GPS, le petit-d\u00e9jeuner, le d\u00eener et le camping.<\/p>\n\n\n\n<p>Le T\u00e9n\u00e9r\u00e9 Spirit Experience 2024 englobe certaines des plus c\u00e9l\u00e8bres comp\u00e9titions de Rally Raid, \u00e0 commencer par l&rsquo;Africa Eco Race en d\u00e9cembre, suivie par le Morocco Desert Challenge en avril, l&rsquo;Hellas Rally en mai, puis la TransAnatolia.&nbsp;<\/p>\n\n\n\n<p>D&rsquo;autres rallyes seront annonc\u00e9s tout au long de l&rsquo;ann\u00e9e. Pour plus d&rsquo;informations, consultez&nbsp;<a href=\"https:\/\/tenere-spirit-experience.com\/en\/\">https:\/\/tenere-spirit-experience.com\/en\/&nbsp;<\/a><\/p>\n\n\n\n<h3 class=\"wp-block-heading\"><strong>Accessoires, v\u00eatements et \u00e9quipements Yamaha pour mod\u00e8le Adventure<\/strong><\/h3>\n\n\n\n<p>Yamaha a d\u00e9velopp\u00e9 une large gamme de packs et d\u2019accessoires d\u2019origine qui permettent au propri\u00e9taire d\u2019une T\u00e9n\u00e9r\u00e9&nbsp;700&nbsp;Extreme de la personnaliser facilement.<\/p>\n\n\n\n<p>Avant de prendre possession de leur nouvelle moto, les clients peuvent commander les packs et accessoires et les faire monter par leur concessionnaire Yamaha. Tous les articles des packs peuvent \u00e9galement \u00eatre achet\u00e9s individuellement.<\/p>\n\n\n\n<p>Con\u00e7ue pour la gamme de motos Adventure, la gamme Yamaha comprennent des blousons et des pantalons de moto toutes saisons en tissu. En outre, la ligne de v\u00eatements Adventure propose une s\u00e9lection de sweats \u00e0 capuche et de T-shirts pour les v\u00e9ritables amoureux de la T\u00e9n\u00e9r\u00e9.<\/p>\n\n\n\n<h3 class=\"wp-block-heading\"><strong>Application MyGarage<\/strong><\/h3>\n\n\n\n<p>L\u2019application MyGarage de Yamaha est un moyen rapide et facile pour chaque client de personnaliser une T\u00e9n\u00e9r\u00e9&nbsp;700&nbsp;Extreme virtuellement en utilisant la gamme d\u2019accessoires d\u2019origine, le tout \u00e0 partir d\u2019un smartphone ou d\u2019un ordinateur portable. L&rsquo;application gratuite permet aux utilisateurs d&rsquo;ajouter et de retirer des accessoires pour cr\u00e9er leur moto id\u00e9ale. Le r\u00e9sultat final peut \u00eatre visualis\u00e9 en 3D sous tous les angles.<\/p>\n\n\n\n<p>MyGarage \u00e9limine les incertitudes quant au choix des accessoires \u00e0 installer et, pour rendre les choses encore plus faciles, la s\u00e9lection finale du client peut \u00eatre envoy\u00e9e par e-mail au concessionnaire Yamaha de son choix qui installera les accessoires d\u2019origine s\u00e9lectionn\u00e9s sur sa nouvelle T\u00e9n\u00e9r\u00e9&nbsp;700 Extreme.<\/p>\n\n\n\n<p>Pour plus d&rsquo;informations sur les accessoires d&rsquo;origine et v\u00eatements Yamaha ou l&rsquo;application MyGarage, consultez&nbsp;<a href=\"https:\/\/www.yamaha-motor.eu\/\">www.yamaha-motor.eu\/fr\/fr<\/a><\/p>\n\n\n\n<h3 class=\"wp-block-heading\"><strong>MyRide<\/strong><\/h3>\n\n\n\n<p>L\u2019application gratuite MyRide de Yamaha offre la possibilit\u00e9 aux pilotes de T\u00e9n\u00e9r\u00e9 700 Extreme de profiter davantage de chaque trajet et de recueillir plus d&rsquo;informations. Disponible pour les appareils iOS et Android, elle suit et stocke les itin\u00e9raires et permet aux utilisateurs de cr\u00e9er leur propre r\u00e9cit et d\u2019ajouter des photos pour \u00eatre \u00e9ventuellement partag\u00e9s sur les r\u00e9seaux sociaux. MyRide permet \u00e9galement de consulter les param\u00e8tres li\u00e9s \u00e0 son itin\u00e9raire, tels la distance totale, le d\u00e9nivel\u00e9, la vitesse de pointe, la vitesse moyenne, l\u2019acc\u00e9l\u00e9ration ou l\u2019angle d\u2019inclinaison, que l\u2019on peut comparer avec les donn\u00e9es d\u2019autres pilotes.<\/p>\n\n\n\n<p>Pour la T\u00e9n\u00e9r\u00e9&nbsp;700&nbsp;Extreme, MyRide est \u00e9galement l\u2019application qui active la connectivit\u00e9 afin que les pilotes puissent visualiser les notifications d\u2019appels et de messages entrants sur le tableau de bord.<\/p>\n\n\n\n<p>Note de la r\u00e9daction: Voulez-vous <a href=\"https:\/\/yamahamotorinsurance.be\/fr\/assurance-yamaha\/\" data-type=\"link\" data-id=\"https:\/\/yamahamotorinsurance.be\/fr\/assurance-yamaha\/\">assurer une Yamaha&nbsp;? <\/a>Cliquez <a href=\"https:\/\/yamahamotorinsurance.be\/fr\/assurance-yamaha\/\" data-type=\"link\" data-id=\"https:\/\/yamahamotorinsurance.be\/fr\/assurance-yamaha\/\">ici <\/a>pour calculer votre prime&nbsp;!<\/p>\n","protected":false},"excerpt":{"rendered":"<p>Une premi\u00e8re ann\u00e9e r\u00e9ussie pour la T\u00e9n\u00e9r\u00e9 700 Extreme Edition Depuis son lancement en 2019, la T\u00e9n\u00e9r\u00e9 700 est devenue l&rsquo;une des motos les plus populaires de sa cat\u00e9gorie. Forte d&rsquo;un h\u00e9ritage qui remonte \u00e0 40 ans &#8211; n\u00e9 avec une T\u00e9n\u00e9r\u00e9 inspir\u00e9e par les Yamaha victorieuses du rallye Dakar \u2013 la gamme Adventure s&rsquo;est<a class=\"excerpt-read-more\" href=\"https:\/\/yamahamotorinsurance.be\/fr\/une-premiere-annee-reussie-pour-la-tenere-700-extreme-edition\/\" title=\"Read\">&#8230; Read more &raquo;<\/a><\/p>\n","protected":false},"author":2,"featured_media":0,"parent":0,"menu_order":0,"comment_status":"closed","ping_status":"closed","template":"","meta":{"_acf_changed":false,"editor_notices":[],"footnotes":""},"class_list":["post-482","page","type-page","status-publish","hentry"],"acf":[],"_links":{"self":[{"href":"https:\/\/yamahamotorinsurance.be\/fr\/wp-json\/wp\/v2\/pages\/482","targetHints":{"allow":["GET"]}}],"collection":[{"href":"https:\/\/yamahamotorinsurance.be\/fr\/wp-json\/wp\/v2\/pages"}],"about":[{"href":"https:\/\/yamahamotorinsurance.be\/fr\/wp-json\/wp\/v2\/types\/page"}],"author":[{"embeddable":true,"href":"https:\/\/yamahamotorinsurance.be\/fr\/wp-json\/wp\/v2\/users\/2"}],"replies":[{"embeddable":true,"href":"https:\/\/yamahamotorinsurance.be\/fr\/wp-json\/wp\/v2\/comments?post=482"}],"version-history":[{"count":7,"href":"https:\/\/yamahamotorinsurance.be\/fr\/wp-json\/wp\/v2\/pages\/482\/revisions"}],"predecessor-version":[{"id":491,"href":"https:\/\/yamahamotorinsurance.be\/fr\/wp-json\/wp\/v2\/pages\/482\/revisions\/491"}],"wp:attachment":[{"href":"https:\/\/yamahamotorinsurance.be\/fr\/wp-json\/wp\/v2\/media?parent=482"}],"curies":[{"name":"wp","href":"https:\/\/api.w.org\/{rel}","templated":true}]}}